{"id":2,"date":"2021-06-03T14:44:25","date_gmt":"2021-06-03T14:44:25","guid":{"rendered":"https:\/\/cgcastells.live-website.com\/?page_id=2"},"modified":"2021-09-24T10:33:22","modified_gmt":"2021-09-24T10:33:22","slug":"bienvenida","status":"publish","type":"page","link":"https:\/\/cgcastells.com\/ca\/bienvenida","title":{"rendered":"Benvinguda"},"content":{"rendered":"<p id=\"block-602ef4fe-f332-4654-94fe-33352a171c0c\">Hola! Benvinguts i benvingudes a aquest, el meu blog. Supose que el millor ser\u00e0 comen\u00e7ar pel principi, \u00e9s a dir, presentant-me.<\/p>\n\n\n\n<h4 class=\"wp-block-heading\" id=\"block-9252887f-89ee-467f-9cf9-ddcfd4627f58\">Qui \u00e9s vost\u00e9 i qu\u00e8 carai \u00e9s aquest lloc?<\/h4>\n\n\n\n<p id=\"block-681283ec-c73c-451a-8f83-18935b84589e\">Mi nombre es Cristian, aunque mis textos en internet suelen ir firmados con mis iniciales y mi segundo apellido (es decir \u201cCGCastells\u201d) y de ah\u00ed viene el nombre de la web. Antes de que pens\u00e9is que quiz\u00e1s es un poco egoc\u00e9ntrico eso de crearse una web con el nombre de uno mismo, dejadme decir que el motivo es que este blog ser\u00e1 donde escriba todo aquello que no tiene cabida en las otras webs donde colaboro. \u00a1Y es que me gusta mucho escribir!<\/p>\n\n\n\n<p id=\"block-c3fee753-994b-4daa-ab8b-1b21b0f0ffd5\">Per exemple, ho faig a <a href=\"https:\/\/psicologiacgc.es\/blog\/\">psicologiacgc.es\/blog\/<\/a> on m'esplaie sobre temes de psicologia (sobretot jur\u00eddica i forense). Si us interessa el tema us anime a seguir-me all\u00ed, per\u00f2 com des d'aqueixa web tracte de mostrar el meu costat m\u00e9s professional, no puc parlar d'altres temes que m'interessen igualment.<\/p>\n\n\n\n<p id=\"block-9c55b56e-5c54-49bb-a543-4afe5b6b0fd8\">A m\u00e9s de la psicologia, que \u00e9s la meua professi\u00f3, m'interessen tamb\u00e9 els videojocs. Per aix\u00f2 col\u00b7labore de tant en tant en <a href=\"https:\/\/www.pixfans.com\/\">pixfans.com<\/a>, on intente oferir el meu punt de vista sobre els t\u00edtols que he jugat, d'aquells que vaig jugar ja fa anys i sobre com el potencial d'aquest mitj\u00e0 \u00e9s pr\u00e0cticament infinit a l'hora de fer molt m\u00e9s que entretindre'ns: educar, fer-nos reflexionar, ajudar-nos a socialitzar, con\u00e9ixer altres realitats, aprendre, etc. Si \u00e9s del vostre inter\u00e9s, doneu-li una ullada!<\/p>\n\n\n\n<h4 class=\"wp-block-heading\" id=\"block-78a95194-aa56-4380-8d73-518d0cb722ad\">El que podr\u00e0s trobar ac\u00ed<\/h4>\n\n\n\n<p id=\"block-011ed377-986d-4de9-96e7-933d881b8698\">\u00c9s clar, m'agrada fer moltes altres coses i ac\u00ed \u00e9s on entra en joc aquest blog. Per exemple, m'agrada llegir, m'agrada veure pel\u00b7l\u00edcules i s\u00e8ries (comptat i debatut, m'agraden les hist\u00f2ries), per\u00f2 sobretot m'agrada escriure i donar-li mil voltes a tot. I a hores d'ara no us estranyar\u00e0 que tamb\u00e9 m'agrade oferir la meua perspectiva i visi\u00f3 sobre tot el que veig i llig.<\/p>\n\n\n\n<p id=\"block-01830a2d-2d19-41f6-a9d9-c0110ed10b7c\">Per tant, un dels continguts principals que podr\u00e0s trobar en aquesta web seran ressenyes, de llibres, s\u00e8ries, pel\u00b7l\u00edcules i jocs, per\u00f2 sempre des del meu prisma personal, particular i intransferible. Que qu\u00e8 vol dir aix\u00f2? Doncs, per exemple, solc detindre'm a reflexionar sobre la construcci\u00f3 psicol\u00f2gica dels personatges, la visi\u00f3 que d\u00f3na la narraci\u00f3 respecte a temes de psicologia forense i temes socials, sobre all\u00f2 que fa que una hist\u00f2ria ens interesse i se'ns quede gravada, aix\u00ed com respecte al que fa que unes altres em repel\u00b7lisquen. Com veieu, una mica de tot.<\/p>\n\n\n\n<p id=\"block-a88d5c6f-e03a-4ca6-8184-a2e4da999c26\">Per\u00f2, com ja he dit, no sols m'agrada devorar hist\u00f2ries i reflexionar sobre elles, sin\u00f3 tamb\u00e9 escriure. I aix\u00f2 no es refereix nom\u00e9s a ressenyes i an\u00e0lisi, sin\u00f3 tamb\u00e9 a relats, per la qual cosa per ac\u00ed deixar\u00e9 caure sempre que puga alguna hist\u00f2ria de la meua pr\u00f2pia collita, aix\u00ed com altres projectes semblants<\/p>\n\n\n\n<h4 class=\"wp-block-heading\" id=\"block-5e99d5a1-c3b6-47de-ab07-6f5faf4f0a55\">Espera, encara hi ha m\u00e9s!<\/h4>\n\n\n\n<p id=\"block-45031ccf-d700-449d-93c5-3484c7f3d85c\">No est\u00e0 de m\u00e9s afegir que no sols m'agrada dir-li al m\u00f3n el que pense, tamb\u00e9 vull saber qu\u00e8 penseu la resta! Per aix\u00f2 us podeu posar en contacte amb mi mitjan\u00e7ant <a href=\"https:\/\/twitter.com\/CGCastells\">Twitter (@CGCastells)<\/a>, comentar-me el que vulgueu en la caixa de comentaris de cada entrada i\/o enviar-me un e-mail a <a href=\"mailto:cgcastells@gmail.com\">cgcastells@gmail.com<\/a>. Estar\u00e9 encantat de respondre-us!<\/p>\n\n\n\n<div class=\"ko-fi-button\" data-text=\"\u00a1Ayuda al blog a seguir existiendo!\" data-color=\"#FF5F5F\" data-code=\"cgcastells\" id=\"kofiShortcode67Html\" style=\"width: 100%; text-align: center;\"><\/div>","protected":false},"excerpt":{"rendered":"<p>\u00a1Hola! Bienvenidos, bienvenidas y bienvenides, a este, mi blog. Supongo que lo mejor ser\u00e1 empezar por el principio, es decir, present\u00e1ndome. \u00bfQui\u00e9n es usted y&#8230;<\/p>","protected":false},"author":1,"featured_media":0,"parent":0,"menu_order":0,"comment_status":"open","ping_status":"open","template":"","meta":{"footnotes":""},"class_list":["post-2","page","type-page","status-publish","hentry"],"_links":{"self":[{"href":"https:\/\/cgcastells.com\/ca\/wp-json\/wp\/v2\/pages\/2","targetHints":{"allow":["GET"]}}],"collection":[{"href":"https:\/\/cgcastells.com\/ca\/wp-json\/wp\/v2\/pages"}],"about":[{"href":"https:\/\/cgcastells.com\/ca\/wp-json\/wp\/v2\/types\/page"}],"author":[{"embeddable":true,"href":"https:\/\/cgcastells.com\/ca\/wp-json\/wp\/v2\/users\/1"}],"replies":[{"embeddable":true,"href":"https:\/\/cgcastells.com\/ca\/wp-json\/wp\/v2\/comments?post=2"}],"version-history":[{"count":3,"href":"https:\/\/cgcastells.com\/ca\/wp-json\/wp\/v2\/pages\/2\/revisions"}],"predecessor-version":[{"id":191,"href":"https:\/\/cgcastells.com\/ca\/wp-json\/wp\/v2\/pages\/2\/revisions\/191"}],"wp:attachment":[{"href":"https:\/\/cgcastells.com\/ca\/wp-json\/wp\/v2\/media?parent=2"}],"curies":[{"name":"wp","href":"https:\/\/api.w.org\/{rel}","templated":true}]}}